{"id":2842,"date":"2025-07-09T16:38:41","date_gmt":"2025-07-09T16:38:41","guid":{"rendered":"https:\/\/bisousucre.com\/?post_type=product&#038;p=2842"},"modified":"2025-10-30T17:53:29","modified_gmt":"2025-10-30T17:53:29","slug":"entremets-coco","status":"publish","type":"product","link":"https:\/\/bisousucre.com\/en\/product\/entremets-coco\/","title":{"rendered":"Entremets Coco"},"content":{"rendered":"<p class=\"p1\">L&rsquo;entremets Coco contient le(s) allerg\u00e8ne(s) suivant(s) :<b> contactez-nous pour plus d&rsquo;informations.<\/b><\/p>\n<p class=\"p1\"><b><\/b><b>Made in a facility that handles other allergens.<br \/>\n<\/b>No use of: soy, shellfish, mollusks, celery.<\/p>","protected":false},"excerpt":{"rendered":"<p class=\"p1\">Un entremets individuel tout en douceur, mariant une mousse l\u00e9g\u00e8re \u00e0 la noix de coco, un insert fondant et fruit\u00e9, un c\u0153ur coulant irr\u00e9sistible et un biscuit moelleux. Une cr\u00e9ation d\u00e9licate et raffin\u00e9e, \u00e0 savourer comme une parenth\u00e8se tropicale.<\/p>","protected":false},"featured_media":4662,"template":"","meta":[],"product_brand":[],"product_cat":[21],"product_tag":[],"class_list":{"0":"post-2842","1":"product","2":"type-product","3":"status-publish","4":"has-post-thumbnail","6":"product_cat-patisseries","8":"first","9":"instock","10":"taxable","11":"shipping-taxable","12":"purchasable","13":"product-type-simple"},"yoast_head":"<!-- This site is optimized with the Yoast SEO plugin v27.4 - https:\/\/yoast.com\/product\/yoast-seo-wordpress\/ -->\n<title>Entremets Coco - Bisou Sucre p\u00e2tisserie artisanale \u00e0 Saint-Martin<\/title>\n<meta name=\"description\" content=\"D\u00e9couvrez l&#039;entremets coco maison, une cr\u00e9ation unique sign\u00e9e Marine Urbain, \u00e0 Saint-Martin. Bisou Sucr\u00e9, p\u00e2tisserie artisanale \u00e0 SXM.\" \/>\n<meta name=\"robots\" content=\"index, follow, max-snippet:-1, max-image-preview:large, max-video-preview:-1\" \/>\n<link rel=\"canonical\" href=\"https:\/\/bisousucre.com\/en\/product\/entremets-coco\/\" \/>\n<meta property=\"og:locale\" content=\"en_US\" \/>\n<meta property=\"og:type\" content=\"article\" \/>\n<meta property=\"og:title\" content=\"Perle Coco - Bisou Sucre p\u00e2tisserie artisanale \u00e0 Saint-Martin\" \/>\n<meta property=\"og:description\" content=\"D\u00e9couvrez la perle coco maison, une cr\u00e9ation unique sign\u00e9e Marine Urbain, \u00e0 Saint-Martin. Bisou Sucr\u00e9, p\u00e2tisserie artisanale \u00e0 SXM.\" \/>\n<meta property=\"og:url\" content=\"https:\/\/bisousucre.com\/en\/product\/entremets-coco\/\" \/>\n<meta property=\"og:site_name\" content=\"Bisou Sucre\" \/>\n<meta property=\"article:publisher\" content=\"https:\/\/www.facebook.com\/profile.php?id=61577887554596\" \/>\n<meta property=\"article:modified_time\" content=\"2025-10-30T17:53:29+00:00\" \/>\n<meta property=\"og:image\" content=\"https:\/\/bisousucre.com\/wp-content\/uploads\/2025\/07\/entremets-coco-bisou-sucre.webp\" \/>\n\t<meta property=\"og:image:width\" content=\"1024\" \/>\n\t<meta property=\"og:image:height\" content=\"1536\" \/>\n\t<meta property=\"og:image:type\" content=\"image\/webp\" \/>\n<meta name=\"twitter:card\" content=\"summary_large_image\" \/>\n<meta name=\"twitter:label1\" content=\"Est. reading time\" \/>\n\t<meta name=\"twitter:data1\" content=\"1 minute\" \/>\n<script type=\"application\/ld+json\" class=\"yoast-schema-graph\">{\"@context\":\"https:\\\/\\\/schema.org\",\"@graph\":[{\"@type\":\"WebPage\",\"@id\":\"https:\\\/\\\/bisousucre.com\\\/produit\\\/entremets-coco\\\/\",\"url\":\"https:\\\/\\\/bisousucre.com\\\/produit\\\/entremets-coco\\\/\",\"name\":\"Entremets Coco - Bisou Sucre p\u00e2tisserie artisanale \u00e0 Saint-Martin\",\"isPartOf\":{\"@id\":\"https:\\\/\\\/bisousucre.com\\\/#website\"},\"primaryImageOfPage\":{\"@id\":\"https:\\\/\\\/bisousucre.com\\\/produit\\\/entremets-coco\\\/#primaryimage\"},\"image\":{\"@id\":\"https:\\\/\\\/bisousucre.com\\\/produit\\\/entremets-coco\\\/#primaryimage\"},\"thumbnailUrl\":\"https:\\\/\\\/bisousucre.com\\\/wp-content\\\/uploads\\\/2025\\\/07\\\/entremets-coco-bisou-sucre.webp\",\"datePublished\":\"2025-07-09T16:38:41+00:00\",\"dateModified\":\"2025-10-30T17:53:29+00:00\",\"description\":\"D\u00e9couvrez l'entremets coco maison, une cr\u00e9ation unique sign\u00e9e Marine Urbain, \u00e0 Saint-Martin. Bisou Sucr\u00e9, p\u00e2tisserie artisanale \u00e0 SXM.\",\"breadcrumb\":{\"@id\":\"https:\\\/\\\/bisousucre.com\\\/produit\\\/entremets-coco\\\/#breadcrumb\"},\"inLanguage\":\"en-US\",\"potentialAction\":[{\"@type\":\"ReadAction\",\"target\":[\"https:\\\/\\\/bisousucre.com\\\/produit\\\/entremets-coco\\\/\"]}]},{\"@type\":\"ImageObject\",\"inLanguage\":\"en-US\",\"@id\":\"https:\\\/\\\/bisousucre.com\\\/produit\\\/entremets-coco\\\/#primaryimage\",\"url\":\"https:\\\/\\\/bisousucre.com\\\/wp-content\\\/uploads\\\/2025\\\/07\\\/entremets-coco-bisou-sucre.webp\",\"contentUrl\":\"https:\\\/\\\/bisousucre.com\\\/wp-content\\\/uploads\\\/2025\\\/07\\\/entremets-coco-bisou-sucre.webp\",\"width\":1024,\"height\":1536},{\"@type\":\"BreadcrumbList\",\"@id\":\"https:\\\/\\\/bisousucre.com\\\/produit\\\/entremets-coco\\\/#breadcrumb\",\"itemListElement\":[{\"@type\":\"ListItem\",\"position\":1,\"name\":\"Accueil\",\"item\":\"https:\\\/\\\/bisousucre.com\\\/\"},{\"@type\":\"ListItem\",\"position\":2,\"name\":\"Produits\",\"item\":\"https:\\\/\\\/bisousucre.com\\\/boutique\\\/\"},{\"@type\":\"ListItem\",\"position\":3,\"name\":\"Entremets Coco\"}]},{\"@type\":\"WebSite\",\"@id\":\"https:\\\/\\\/bisousucre.com\\\/#website\",\"url\":\"https:\\\/\\\/bisousucre.com\\\/\",\"name\":\"Bisou Sucr\u00e9\",\"description\":\"P\u00e2tisserie artisanal par Marine Urbain \u00e0 Saint-Martin, Grand Case\",\"publisher\":{\"@id\":\"https:\\\/\\\/bisousucre.com\\\/#organization\"},\"potentialAction\":[{\"@type\":\"SearchAction\",\"target\":{\"@type\":\"EntryPoint\",\"urlTemplate\":\"https:\\\/\\\/bisousucre.com\\\/?s={search_term_string}\"},\"query-input\":{\"@type\":\"PropertyValueSpecification\",\"valueRequired\":true,\"valueName\":\"search_term_string\"}}],\"inLanguage\":\"en-US\"},{\"@type\":\"Organization\",\"@id\":\"https:\\\/\\\/bisousucre.com\\\/#organization\",\"name\":\"Bisou Sucr\u00e9\",\"url\":\"https:\\\/\\\/bisousucre.com\\\/\",\"logo\":{\"@type\":\"ImageObject\",\"inLanguage\":\"en-US\",\"@id\":\"https:\\\/\\\/bisousucre.com\\\/#\\\/schema\\\/logo\\\/image\\\/\",\"url\":\"\",\"contentUrl\":\"\",\"caption\":\"Bisou Sucr\u00e9\"},\"image\":{\"@id\":\"https:\\\/\\\/bisousucre.com\\\/#\\\/schema\\\/logo\\\/image\\\/\"},\"sameAs\":[\"https:\\\/\\\/www.facebook.com\\\/profile.php?id=61577887554596\",\"https:\\\/\\\/www.instagram.com\\\/bisousucresxm\\\/\"]}]}<\/script>\n<!-- \/ Yoast SEO plugin. -->","yoast_head_json":{"title":"Entremets Coco - Bisou Sucre p\u00e2tisserie artisanale \u00e0 Saint-Martin","description":"D\u00e9couvrez l'entremets coco maison, une cr\u00e9ation unique sign\u00e9e Marine Urbain, \u00e0 Saint-Martin. Bisou Sucr\u00e9, p\u00e2tisserie artisanale \u00e0 SXM.","robots":{"index":"index","follow":"follow","max-snippet":"max-snippet:-1","max-image-preview":"max-image-preview:large","max-video-preview":"max-video-preview:-1"},"canonical":"https:\/\/bisousucre.com\/en\/product\/entremets-coco\/","og_locale":"en_US","og_type":"article","og_title":"Perle Coco - Bisou Sucre p\u00e2tisserie artisanale \u00e0 Saint-Martin","og_description":"D\u00e9couvrez la perle coco maison, une cr\u00e9ation unique sign\u00e9e Marine Urbain, \u00e0 Saint-Martin. Bisou Sucr\u00e9, p\u00e2tisserie artisanale \u00e0 SXM.","og_url":"https:\/\/bisousucre.com\/en\/product\/entremets-coco\/","og_site_name":"Bisou Sucre","article_publisher":"https:\/\/www.facebook.com\/profile.php?id=61577887554596","article_modified_time":"2025-10-30T17:53:29+00:00","og_image":[{"width":1024,"height":1536,"url":"https:\/\/bisousucre.com\/wp-content\/uploads\/2025\/07\/entremets-coco-bisou-sucre.webp","type":"image\/webp"}],"twitter_card":"summary_large_image","twitter_misc":{"Est. reading time":"1 minute"},"schema":{"@context":"https:\/\/schema.org","@graph":[{"@type":"WebPage","@id":"https:\/\/bisousucre.com\/produit\/entremets-coco\/","url":"https:\/\/bisousucre.com\/produit\/entremets-coco\/","name":"Entremets Coco - Bisou Sucre p\u00e2tisserie artisanale \u00e0 Saint-Martin","isPartOf":{"@id":"https:\/\/bisousucre.com\/#website"},"primaryImageOfPage":{"@id":"https:\/\/bisousucre.com\/produit\/entremets-coco\/#primaryimage"},"image":{"@id":"https:\/\/bisousucre.com\/produit\/entremets-coco\/#primaryimage"},"thumbnailUrl":"https:\/\/bisousucre.com\/wp-content\/uploads\/2025\/07\/entremets-coco-bisou-sucre.webp","datePublished":"2025-07-09T16:38:41+00:00","dateModified":"2025-10-30T17:53:29+00:00","description":"D\u00e9couvrez l'entremets coco maison, une cr\u00e9ation unique sign\u00e9e Marine Urbain, \u00e0 Saint-Martin. Bisou Sucr\u00e9, p\u00e2tisserie artisanale \u00e0 SXM.","breadcrumb":{"@id":"https:\/\/bisousucre.com\/produit\/entremets-coco\/#breadcrumb"},"inLanguage":"en-US","potentialAction":[{"@type":"ReadAction","target":["https:\/\/bisousucre.com\/produit\/entremets-coco\/"]}]},{"@type":"ImageObject","inLanguage":"en-US","@id":"https:\/\/bisousucre.com\/produit\/entremets-coco\/#primaryimage","url":"https:\/\/bisousucre.com\/wp-content\/uploads\/2025\/07\/entremets-coco-bisou-sucre.webp","contentUrl":"https:\/\/bisousucre.com\/wp-content\/uploads\/2025\/07\/entremets-coco-bisou-sucre.webp","width":1024,"height":1536},{"@type":"BreadcrumbList","@id":"https:\/\/bisousucre.com\/produit\/entremets-coco\/#breadcrumb","itemListElement":[{"@type":"ListItem","position":1,"name":"Accueil","item":"https:\/\/bisousucre.com\/"},{"@type":"ListItem","position":2,"name":"Produits","item":"https:\/\/bisousucre.com\/boutique\/"},{"@type":"ListItem","position":3,"name":"Entremets Coco"}]},{"@type":"WebSite","@id":"https:\/\/bisousucre.com\/#website","url":"https:\/\/bisousucre.com\/","name":"Bisou Sucr\u00e9","description":"P\u00e2tisserie artisanal par Marine Urbain \u00e0 Saint-Martin, Grand Case","publisher":{"@id":"https:\/\/bisousucre.com\/#organization"},"potentialAction":[{"@type":"SearchAction","target":{"@type":"EntryPoint","urlTemplate":"https:\/\/bisousucre.com\/?s={search_term_string}"},"query-input":{"@type":"PropertyValueSpecification","valueRequired":true,"valueName":"search_term_string"}}],"inLanguage":"en-US"},{"@type":"Organization","@id":"https:\/\/bisousucre.com\/#organization","name":"Bisou Sucr\u00e9","url":"https:\/\/bisousucre.com\/","logo":{"@type":"ImageObject","inLanguage":"en-US","@id":"https:\/\/bisousucre.com\/#\/schema\/logo\/image\/","url":"","contentUrl":"","caption":"Bisou Sucr\u00e9"},"image":{"@id":"https:\/\/bisousucre.com\/#\/schema\/logo\/image\/"},"sameAs":["https:\/\/www.facebook.com\/profile.php?id=61577887554596","https:\/\/www.instagram.com\/bisousucresxm\/"]}]}},"_links":{"self":[{"href":"https:\/\/bisousucre.com\/en\/wp-json\/wp\/v2\/product\/2842","targetHints":{"allow":["GET"]}}],"collection":[{"href":"https:\/\/bisousucre.com\/en\/wp-json\/wp\/v2\/product"}],"about":[{"href":"https:\/\/bisousucre.com\/en\/wp-json\/wp\/v2\/types\/product"}],"wp:featuredmedia":[{"embeddable":true,"href":"https:\/\/bisousucre.com\/en\/wp-json\/wp\/v2\/media\/4662"}],"wp:attachment":[{"href":"https:\/\/bisousucre.com\/en\/wp-json\/wp\/v2\/media?parent=2842"}],"wp:term":[{"taxonomy":"product_brand","embeddable":true,"href":"https:\/\/bisousucre.com\/en\/wp-json\/wp\/v2\/product_brand?post=2842"},{"taxonomy":"product_cat","embeddable":true,"href":"https:\/\/bisousucre.com\/en\/wp-json\/wp\/v2\/product_cat?post=2842"},{"taxonomy":"product_tag","embeddable":true,"href":"https:\/\/bisousucre.com\/en\/wp-json\/wp\/v2\/product_tag?post=2842"}],"curies":[{"name":"wp","href":"https:\/\/api.w.org\/{rel}","templated":true}]}}