{"id":2841,"date":"2025-07-09T16:37:24","date_gmt":"2025-07-09T16:37:24","guid":{"rendered":"https:\/\/bisousucre.com\/?post_type=product&#038;p=2841"},"modified":"2025-09-19T02:05:44","modified_gmt":"2025-09-19T02:05:44","slug":"citron-trompe-loeil","status":"publish","type":"product","link":"https:\/\/bisousucre.com\/en\/product\/citron-trompe-loeil\/","title":{"rendered":"Citron trompe-l\u2019\u0153il"},"content":{"rendered":"<p class=\"p1\">L&rsquo;entremets trompe-l&rsquo;oeil Citron contient le(s) allerg\u00e8ne(s) suivant(s) :<b> lactose, sulfites.<\/b><\/p>\n<p class=\"p1\"><b><\/b><b>Made in a facility that handles other allergens.<br \/>\n<\/b>No use of: soy, shellfish, mollusks, celery.<\/p>","protected":false},"excerpt":{"rendered":"<p class=\"p1\">Entremets individuel sous forme de Mangue trompe-l\u2019\u0153il, r\u00e9alis\u00e9 selon la saison : mousse l\u00e9g\u00e8re, insert fruit\u00e9 ou pralin\u00e9, c\u0153ur coulant et biscuit moelleux.<\/p>","protected":false},"featured_media":4443,"template":"","meta":[],"product_brand":[],"product_cat":[21],"product_tag":[],"class_list":{"0":"post-2841","1":"product","2":"type-product","3":"status-publish","4":"has-post-thumbnail","6":"product_cat-patisseries","8":"first","9":"instock","10":"taxable","11":"shipping-taxable","12":"purchasable","13":"product-type-simple"},"yoast_head":"<!-- This site is optimized with the Yoast SEO plugin v27.4 - https:\/\/yoast.com\/product\/yoast-seo-wordpress\/ -->\n<title>Entremets Citron trompe-l\u2019\u0153il - Bisou Sucre, p\u00e2tisserie \u00e0 Saint-Martin<\/title>\n<meta name=\"description\" content=\"D\u00e9couvrez notre entremets citron trompe-l\u2019\u0153il fait maison \u00e0 Saint-Martin. Une cr\u00e9ation Bisou Sucr\u00e9, p\u00e2tisserie artisanal \u00e0 SXM.\" \/>\n<meta name=\"robots\" content=\"index, follow, max-snippet:-1, max-image-preview:large, max-video-preview:-1\" \/>\n<link rel=\"canonical\" href=\"https:\/\/bisousucre.com\/en\/product\/citron-trompe-loeil\/\" \/>\n<meta property=\"og:locale\" content=\"en_US\" \/>\n<meta property=\"og:type\" content=\"article\" \/>\n<meta property=\"og:title\" content=\"Entremets Citron trompe-l\u2019\u0153il - Bisou Sucre, p\u00e2tisserie \u00e0 Saint-Martin\" \/>\n<meta property=\"og:description\" content=\"D\u00e9couvrez notre entremets citron trompe-l\u2019\u0153il fait maison \u00e0 Saint-Martin. Une cr\u00e9ation Bisou Sucr\u00e9, p\u00e2tisserie artisanal \u00e0 SXM.\" \/>\n<meta property=\"og:url\" content=\"https:\/\/bisousucre.com\/en\/product\/citron-trompe-loeil\/\" \/>\n<meta property=\"og:site_name\" content=\"Bisou Sucre\" \/>\n<meta property=\"article:publisher\" content=\"https:\/\/www.facebook.com\/profile.php?id=61577887554596\" \/>\n<meta property=\"article:modified_time\" content=\"2025-09-19T02:05:44+00:00\" \/>\n<meta property=\"og:image\" content=\"https:\/\/bisousucre.com\/wp-content\/uploads\/2025\/09\/citron-trompe-l-oeil-bisou-sucre-marine-urbain.webp\" \/>\n\t<meta property=\"og:image:width\" content=\"1200\" \/>\n\t<meta property=\"og:image:height\" content=\"1500\" \/>\n\t<meta property=\"og:image:type\" content=\"image\/webp\" \/>\n<meta name=\"twitter:card\" content=\"summary_large_image\" \/>\n<meta name=\"twitter:label1\" content=\"Est. reading time\" \/>\n\t<meta name=\"twitter:data1\" content=\"1 minute\" \/>\n<script type=\"application\/ld+json\" class=\"yoast-schema-graph\">{\"@context\":\"https:\\\/\\\/schema.org\",\"@graph\":[{\"@type\":\"WebPage\",\"@id\":\"https:\\\/\\\/bisousucre.com\\\/produit\\\/citron-trompe-loeil\\\/\",\"url\":\"https:\\\/\\\/bisousucre.com\\\/produit\\\/citron-trompe-loeil\\\/\",\"name\":\"Entremets Citron trompe-l\u2019\u0153il - Bisou Sucre, p\u00e2tisserie \u00e0 Saint-Martin\",\"isPartOf\":{\"@id\":\"https:\\\/\\\/bisousucre.com\\\/#website\"},\"primaryImageOfPage\":{\"@id\":\"https:\\\/\\\/bisousucre.com\\\/produit\\\/citron-trompe-loeil\\\/#primaryimage\"},\"image\":{\"@id\":\"https:\\\/\\\/bisousucre.com\\\/produit\\\/citron-trompe-loeil\\\/#primaryimage\"},\"thumbnailUrl\":\"https:\\\/\\\/bisousucre.com\\\/wp-content\\\/uploads\\\/2025\\\/09\\\/citron-trompe-l-oeil-bisou-sucre-marine-urbain.webp\",\"datePublished\":\"2025-07-09T16:37:24+00:00\",\"dateModified\":\"2025-09-19T02:05:44+00:00\",\"description\":\"D\u00e9couvrez notre entremets citron trompe-l\u2019\u0153il fait maison \u00e0 Saint-Martin. Une cr\u00e9ation Bisou Sucr\u00e9, p\u00e2tisserie artisanal \u00e0 SXM.\",\"breadcrumb\":{\"@id\":\"https:\\\/\\\/bisousucre.com\\\/produit\\\/citron-trompe-loeil\\\/#breadcrumb\"},\"inLanguage\":\"en-US\",\"potentialAction\":[{\"@type\":\"ReadAction\",\"target\":[\"https:\\\/\\\/bisousucre.com\\\/produit\\\/citron-trompe-loeil\\\/\"]}]},{\"@type\":\"ImageObject\",\"inLanguage\":\"en-US\",\"@id\":\"https:\\\/\\\/bisousucre.com\\\/produit\\\/citron-trompe-loeil\\\/#primaryimage\",\"url\":\"https:\\\/\\\/bisousucre.com\\\/wp-content\\\/uploads\\\/2025\\\/09\\\/citron-trompe-l-oeil-bisou-sucre-marine-urbain.webp\",\"contentUrl\":\"https:\\\/\\\/bisousucre.com\\\/wp-content\\\/uploads\\\/2025\\\/09\\\/citron-trompe-l-oeil-bisou-sucre-marine-urbain.webp\",\"width\":1200,\"height\":1500},{\"@type\":\"BreadcrumbList\",\"@id\":\"https:\\\/\\\/bisousucre.com\\\/produit\\\/citron-trompe-loeil\\\/#breadcrumb\",\"itemListElement\":[{\"@type\":\"ListItem\",\"position\":1,\"name\":\"Accueil\",\"item\":\"https:\\\/\\\/bisousucre.com\\\/\"},{\"@type\":\"ListItem\",\"position\":2,\"name\":\"Produits\",\"item\":\"https:\\\/\\\/bisousucre.com\\\/boutique\\\/\"},{\"@type\":\"ListItem\",\"position\":3,\"name\":\"Citron trompe-l\u2019\u0153il\"}]},{\"@type\":\"WebSite\",\"@id\":\"https:\\\/\\\/bisousucre.com\\\/#website\",\"url\":\"https:\\\/\\\/bisousucre.com\\\/\",\"name\":\"Bisou Sucr\u00e9\",\"description\":\"P\u00e2tisserie artisanal par Marine Urbain \u00e0 Saint-Martin, Grand Case\",\"publisher\":{\"@id\":\"https:\\\/\\\/bisousucre.com\\\/#organization\"},\"potentialAction\":[{\"@type\":\"SearchAction\",\"target\":{\"@type\":\"EntryPoint\",\"urlTemplate\":\"https:\\\/\\\/bisousucre.com\\\/?s={search_term_string}\"},\"query-input\":{\"@type\":\"PropertyValueSpecification\",\"valueRequired\":true,\"valueName\":\"search_term_string\"}}],\"inLanguage\":\"en-US\"},{\"@type\":\"Organization\",\"@id\":\"https:\\\/\\\/bisousucre.com\\\/#organization\",\"name\":\"Bisou Sucr\u00e9\",\"url\":\"https:\\\/\\\/bisousucre.com\\\/\",\"logo\":{\"@type\":\"ImageObject\",\"inLanguage\":\"en-US\",\"@id\":\"https:\\\/\\\/bisousucre.com\\\/#\\\/schema\\\/logo\\\/image\\\/\",\"url\":\"\",\"contentUrl\":\"\",\"caption\":\"Bisou Sucr\u00e9\"},\"image\":{\"@id\":\"https:\\\/\\\/bisousucre.com\\\/#\\\/schema\\\/logo\\\/image\\\/\"},\"sameAs\":[\"https:\\\/\\\/www.facebook.com\\\/profile.php?id=61577887554596\",\"https:\\\/\\\/www.instagram.com\\\/bisousucresxm\\\/\"]}]}<\/script>\n<!-- \/ Yoast SEO plugin. -->","yoast_head_json":{"title":"Entremets Citron trompe-l\u2019\u0153il - Bisou Sucre, p\u00e2tisserie \u00e0 Saint-Martin","description":"D\u00e9couvrez notre entremets citron trompe-l\u2019\u0153il fait maison \u00e0 Saint-Martin. Une cr\u00e9ation Bisou Sucr\u00e9, p\u00e2tisserie artisanal \u00e0 SXM.","robots":{"index":"index","follow":"follow","max-snippet":"max-snippet:-1","max-image-preview":"max-image-preview:large","max-video-preview":"max-video-preview:-1"},"canonical":"https:\/\/bisousucre.com\/en\/product\/citron-trompe-loeil\/","og_locale":"en_US","og_type":"article","og_title":"Entremets Citron trompe-l\u2019\u0153il - Bisou Sucre, p\u00e2tisserie \u00e0 Saint-Martin","og_description":"D\u00e9couvrez notre entremets citron trompe-l\u2019\u0153il fait maison \u00e0 Saint-Martin. Une cr\u00e9ation Bisou Sucr\u00e9, p\u00e2tisserie artisanal \u00e0 SXM.","og_url":"https:\/\/bisousucre.com\/en\/product\/citron-trompe-loeil\/","og_site_name":"Bisou Sucre","article_publisher":"https:\/\/www.facebook.com\/profile.php?id=61577887554596","article_modified_time":"2025-09-19T02:05:44+00:00","og_image":[{"width":1200,"height":1500,"url":"https:\/\/bisousucre.com\/wp-content\/uploads\/2025\/09\/citron-trompe-l-oeil-bisou-sucre-marine-urbain.webp","type":"image\/webp"}],"twitter_card":"summary_large_image","twitter_misc":{"Est. reading time":"1 minute"},"schema":{"@context":"https:\/\/schema.org","@graph":[{"@type":"WebPage","@id":"https:\/\/bisousucre.com\/produit\/citron-trompe-loeil\/","url":"https:\/\/bisousucre.com\/produit\/citron-trompe-loeil\/","name":"Entremets Citron trompe-l\u2019\u0153il - Bisou Sucre, p\u00e2tisserie \u00e0 Saint-Martin","isPartOf":{"@id":"https:\/\/bisousucre.com\/#website"},"primaryImageOfPage":{"@id":"https:\/\/bisousucre.com\/produit\/citron-trompe-loeil\/#primaryimage"},"image":{"@id":"https:\/\/bisousucre.com\/produit\/citron-trompe-loeil\/#primaryimage"},"thumbnailUrl":"https:\/\/bisousucre.com\/wp-content\/uploads\/2025\/09\/citron-trompe-l-oeil-bisou-sucre-marine-urbain.webp","datePublished":"2025-07-09T16:37:24+00:00","dateModified":"2025-09-19T02:05:44+00:00","description":"D\u00e9couvrez notre entremets citron trompe-l\u2019\u0153il fait maison \u00e0 Saint-Martin. Une cr\u00e9ation Bisou Sucr\u00e9, p\u00e2tisserie artisanal \u00e0 SXM.","breadcrumb":{"@id":"https:\/\/bisousucre.com\/produit\/citron-trompe-loeil\/#breadcrumb"},"inLanguage":"en-US","potentialAction":[{"@type":"ReadAction","target":["https:\/\/bisousucre.com\/produit\/citron-trompe-loeil\/"]}]},{"@type":"ImageObject","inLanguage":"en-US","@id":"https:\/\/bisousucre.com\/produit\/citron-trompe-loeil\/#primaryimage","url":"https:\/\/bisousucre.com\/wp-content\/uploads\/2025\/09\/citron-trompe-l-oeil-bisou-sucre-marine-urbain.webp","contentUrl":"https:\/\/bisousucre.com\/wp-content\/uploads\/2025\/09\/citron-trompe-l-oeil-bisou-sucre-marine-urbain.webp","width":1200,"height":1500},{"@type":"BreadcrumbList","@id":"https:\/\/bisousucre.com\/produit\/citron-trompe-loeil\/#breadcrumb","itemListElement":[{"@type":"ListItem","position":1,"name":"Accueil","item":"https:\/\/bisousucre.com\/"},{"@type":"ListItem","position":2,"name":"Produits","item":"https:\/\/bisousucre.com\/boutique\/"},{"@type":"ListItem","position":3,"name":"Citron trompe-l\u2019\u0153il"}]},{"@type":"WebSite","@id":"https:\/\/bisousucre.com\/#website","url":"https:\/\/bisousucre.com\/","name":"Bisou Sucr\u00e9","description":"P\u00e2tisserie artisanal par Marine Urbain \u00e0 Saint-Martin, Grand Case","publisher":{"@id":"https:\/\/bisousucre.com\/#organization"},"potentialAction":[{"@type":"SearchAction","target":{"@type":"EntryPoint","urlTemplate":"https:\/\/bisousucre.com\/?s={search_term_string}"},"query-input":{"@type":"PropertyValueSpecification","valueRequired":true,"valueName":"search_term_string"}}],"inLanguage":"en-US"},{"@type":"Organization","@id":"https:\/\/bisousucre.com\/#organization","name":"Bisou Sucr\u00e9","url":"https:\/\/bisousucre.com\/","logo":{"@type":"ImageObject","inLanguage":"en-US","@id":"https:\/\/bisousucre.com\/#\/schema\/logo\/image\/","url":"","contentUrl":"","caption":"Bisou Sucr\u00e9"},"image":{"@id":"https:\/\/bisousucre.com\/#\/schema\/logo\/image\/"},"sameAs":["https:\/\/www.facebook.com\/profile.php?id=61577887554596","https:\/\/www.instagram.com\/bisousucresxm\/"]}]}},"_links":{"self":[{"href":"https:\/\/bisousucre.com\/en\/wp-json\/wp\/v2\/product\/2841","targetHints":{"allow":["GET"]}}],"collection":[{"href":"https:\/\/bisousucre.com\/en\/wp-json\/wp\/v2\/product"}],"about":[{"href":"https:\/\/bisousucre.com\/en\/wp-json\/wp\/v2\/types\/product"}],"wp:featuredmedia":[{"embeddable":true,"href":"https:\/\/bisousucre.com\/en\/wp-json\/wp\/v2\/media\/4443"}],"wp:attachment":[{"href":"https:\/\/bisousucre.com\/en\/wp-json\/wp\/v2\/media?parent=2841"}],"wp:term":[{"taxonomy":"product_brand","embeddable":true,"href":"https:\/\/bisousucre.com\/en\/wp-json\/wp\/v2\/product_brand?post=2841"},{"taxonomy":"product_cat","embeddable":true,"href":"https:\/\/bisousucre.com\/en\/wp-json\/wp\/v2\/product_cat?post=2841"},{"taxonomy":"product_tag","embeddable":true,"href":"https:\/\/bisousucre.com\/en\/wp-json\/wp\/v2\/product_tag?post=2841"}],"curies":[{"name":"wp","href":"https:\/\/api.w.org\/{rel}","templated":true}]}}